{"id":16,"date":"2020-09-17T13:28:40","date_gmt":"2020-09-17T13:28:40","guid":{"rendered":"http:\/\/lasanduchera.com\/?page_id=16"},"modified":"2020-09-17T15:25:24","modified_gmt":"2020-09-17T15:25:24","slug":"acerca-de","status":"publish","type":"page","link":"https:\/\/lasanduchera.com\/index.php\/acerca-de\/","title":{"rendered":"Nosotros"},"content":{"rendered":"\n<p>Gran inauguraci\u00f3n<\/p>\n\n\n\n<figure class=\"wp-block-image size-large is-resized\"><img loading=\"lazy\" src=\"http:\/\/lasanduchera.com\/wp-content\/uploads\/2020\/09\/arte-la-sanducera-739x1024.jpg\" alt=\"\" class=\"wp-image-74\" width=\"506\" height=\"700\" srcset=\"https:\/\/lasanduchera.com\/wp-content\/uploads\/2020\/09\/arte-la-sanducera-739x1024.jpg 739w, https:\/\/lasanduchera.com\/wp-content\/uploads\/2020\/09\/arte-la-sanducera-216x300.jpg 216w, https:\/\/lasanduchera.com\/wp-content\/uploads\/2020\/09\/arte-la-sanducera-768x1064.jpg 768w, https:\/\/lasanduchera.com\/wp-content\/uploads\/2020\/09\/arte-la-sanducera-1108x1536.jpg 1108w, https:\/\/lasanduchera.com\/wp-content\/uploads\/2020\/09\/arte-la-sanducera-1478x2048.jpg 1478w, https:\/\/lasanduchera.com\/wp-content\/uploads\/2020\/09\/arte-la-sanducera-scaled.jpg 1847w\" sizes=\"(max-width: 506px) 100vw, 506px\" \/><\/figure>\n\n\n\n<figure class=\"wp-block-image\"><img src=\"https:\/\/loff.it\/wp-content\/uploads\/2016\/06\/loffit-restaurante-mitte-madrid-cuando-la-comida-es-arte-01.jpg\" alt=\"Arte urbano, c\u00f3cteles y gastronom\u00eda creativa en Malasa\u00f1a. Restaurante Mitte  Madrid. Cuando la comida es arte. - LOFF.IT\"\/><\/figure>\n\n\n\n<p>Hacer del momento de la comida una experiencia \u00fanica, entre el arte y la gastronom\u00eda, es uno de los privilegios que te ofrecemos.<\/p>\n","protected":false},"excerpt":{"rendered":"<p>Gran inauguraci\u00f3n Hacer del momento de la comida una experiencia \u00fanica, entre el arte y la gastronom\u00eda, es uno de los privilegios que te ofrecemos.<\/p>\n","protected":false},"author":1,"featured_media":0,"parent":0,"menu_order":0,"comment_status":"closed","ping_status":"closed","template":"","meta":[],"_links":{"self":[{"href":"https:\/\/lasanduchera.com\/index.php\/wp-json\/wp\/v2\/pages\/16"}],"collection":[{"href":"https:\/\/lasanduchera.com\/index.php\/wp-json\/wp\/v2\/pages"}],"about":[{"href":"https:\/\/lasanduchera.com\/index.php\/wp-json\/wp\/v2\/types\/page"}],"author":[{"embeddable":true,"href":"https:\/\/lasanduchera.com\/index.php\/wp-json\/wp\/v2\/users\/1"}],"replies":[{"embeddable":true,"href":"https:\/\/lasanduchera.com\/index.php\/wp-json\/wp\/v2\/comments?post=16"}],"version-history":[{"count":5,"href":"https:\/\/lasanduchera.com\/index.php\/wp-json\/wp\/v2\/pages\/16\/revisions"}],"predecessor-version":[{"id":76,"href":"https:\/\/lasanduchera.com\/index.php\/wp-json\/wp\/v2\/pages\/16\/revisions\/76"}],"wp:attachment":[{"href":"https:\/\/lasanduchera.com\/index.php\/wp-json\/wp\/v2\/media?parent=16"}],"curies":[{"name":"wp","href":"https:\/\/api.w.org\/{rel}","templated":true}]}}